{"id":186,"date":"2016-03-11T11:28:13","date_gmt":"2016-03-11T10:28:13","guid":{"rendered":"http:\/\/sagarbo.wp.100procent.com\/de\/?page_id=186"},"modified":"2026-03-05T13:09:24","modified_gmt":"2026-03-05T12:09:24","slug":"hem","status":"publish","type":"page","link":"https:\/\/sagarboherrgard.se\/de\/","title":{"rendered":"Hem"},"content":{"rendered":"\n<h2>\n\t\t\twohnen in roten h\u00e4uschen am meer\t<\/h2>\n\t<h4>Outdoor Erlebnisse in dem UNESCO biospherereservat<br \/>\nund dem Naturreservat &#8211; G\u00e5rdsk\u00e4rskusten<\/h4>\n\u00a0Willkommen zu unseren roten H\u00e4uschen am Meer<br \/>\nund beim Angeln, Paddeln, Radfahren, Reiten oder<br \/>\nWandern die Natur erleben\nHIGHLIGHTS<br \/>\n2017 Tourismuspreis der Provinz Uppsala<br \/>\n2017 Nominierung des Grossen Schwedischen Tourismuspreis<br \/>\n2018 Begann die Schwedische Kronprinzessin Ihre Uppsala Provinzwanderung<br \/>\nauf unserem S\u00e5garbo Gutshof\n\t\t\t\t<a href=\"https:\/\/sagarboherrgard.se\/de\/aktiviteter\/\"  target=\"_self\" itemprop=\"url\">\n\t\t\t\t<img decoding=\"async\" src=\"https:\/\/sagarboherrgard.se\/wp-content\/uploads\/bb-plugin\/cache\/paddle-square-019f568e72828e46513378812cac53a9-.jpg\" alt=\"Paddle and enjoy an Unesco biosphere reserve S\u00e5garbo herrg\u00e5rd\" itemprop=\"image\" height=\"394\" width=\"518\" title=\"Paddle and enjoy an Unesco biosphere reserve S\u00e5garbo herrg\u00e5rd\" onerror=\"this.style.display='none'\" loading=\"lazy\" \/>\n\t\t\t\t<\/a>\n<h3><a href=\"https:\/\/sagarboherrgard.se\/de\/aktiviteter\/\" target=\"_self\">Aktiviteten<\/a><\/h3><p>Kombinieren Sie Ihren Aufenthalt mit Aktiviteten<\/p>\n\t\t\t\t<a href=\"https:\/\/sagarboherrgard.se\/de\/boende\/\"  target=\"_self\" itemprop=\"url\">\n\t\t\t\t<img decoding=\"async\" src=\"https:\/\/sagarboherrgard.se\/wp-content\/uploads\/bb-plugin\/cache\/Red-cottages-by-the-sea-Sa\u030agarbo-herrga\u030ard-square-c55ee48ed9d117205ad7c6a82c223a60-.jpg\" alt=\"Red cottages by the sea at S\u00e5garbo herrg\u00e5rd\" itemprop=\"image\" height=\"712\" width=\"591\" title=\"Red cottages by the sea at S\u00e5garbo herrg\u00e5rd\" onerror=\"this.style.display='none'\" loading=\"lazy\" \/>\n\t\t\t\t<\/a>\n<h3><a href=\"https:\/\/sagarboherrgard.se\/de\/boende\/\" target=\"_self\">H\u00e4uschen<\/a><\/h3><p>Wohnen in roten H\u00e4uschen am Meer<\/p>\n\t<h2>Kontakt<\/h2>\nAdresse<br \/>\n814 93 \u00c4lvkarleby\nTelefon<br \/>\n<a href=\"tel:46768111190\">+46 (0)76-811\u00a011\u00a090<\/a>\nE-Mail<br \/>\n<a href=\"mailto:stuga@sagarboherrgard.se\">stuga@sagarboherrgard.se<\/a>\n<p>Folge uns<\/p>\n\t<h2>KONTAKTFORMULAR<\/h2>\n\n<div class=\"wpcf7 no-js\" id=\"wpcf7-f536-o1\" lang=\"sv-SE\" dir=\"ltr\" data-wpcf7-id=\"536\">\n<div class=\"screen-reader-response\"><p role=\"status\" aria-live=\"polite\" aria-atomic=\"true\"><\/p> <ul><\/ul><\/div>\n<form action=\"\/de\/wp-json\/wp\/v2\/pages\/186#wpcf7-f536-o1\" method=\"post\" class=\"wpcf7-form init\" aria-label=\"Contact form\" novalidate=\"novalidate\" data-status=\"init\">\n<fieldset class=\"hidden-fields-container\"><input type=\"hidden\" name=\"_wpcf7\" value=\"536\" \/><input type=\"hidden\" name=\"_wpcf7_version\" value=\"6.1.5\" \/><input type=\"hidden\" name=\"_wpcf7_locale\" value=\"sv_SE\" \/><input type=\"hidden\" name=\"_wpcf7_unit_tag\" value=\"wpcf7-f536-o1\" \/><input type=\"hidden\" name=\"_wpcf7_container_post\" value=\"0\" \/><input type=\"hidden\" name=\"_wpcf7_posted_data_hash\" value=\"\" \/><input type=\"hidden\" name=\"_wpcf7_recaptcha_response\" value=\"\" \/>\n<\/fieldset>\n<p><label> Nahme (obligatorisch)<br \/>\n<span class=\"wpcf7-form-control-wrap\" data-name=\"your-name\"><input size=\"40\" maxlength=\"400\" class=\"wpcf7-form-control wpcf7-text wpcf7-validates-as-required\" aria-required=\"true\" aria-invalid=\"false\" value=\"\" type=\"text\" name=\"your-name\" \/><\/span> <\/label>\n<\/p>\n<p><label> E-postadresse (obligatorisch)<br \/>\n<span class=\"wpcf7-form-control-wrap\" data-name=\"your-email\"><input size=\"40\" maxlength=\"400\" class=\"wpcf7-form-control wpcf7-email wpcf7-validates-as-required wpcf7-text wpcf7-validates-as-email\" aria-required=\"true\" aria-invalid=\"false\" value=\"\" type=\"email\" name=\"your-email\" \/><\/span> <\/label>\n<\/p>\n<p><label> Betreff<br \/>\n<span class=\"wpcf7-form-control-wrap\" data-name=\"your-subject\"><input size=\"40\" maxlength=\"400\" class=\"wpcf7-form-control wpcf7-text\" aria-invalid=\"false\" value=\"\" type=\"text\" name=\"your-subject\" \/><\/span> <\/label>\n<\/p>\n<p><label> Mitteilung<br \/>\n<span class=\"wpcf7-form-control-wrap\" data-name=\"your-message\"><textarea cols=\"40\" rows=\"10\" maxlength=\"2000\" class=\"wpcf7-form-control wpcf7-textarea\" aria-invalid=\"false\" name=\"your-message\"><\/textarea><\/span> <\/label>\n<\/p>\n<p><input class=\"wpcf7-form-control wpcf7-submit has-spinner\" type=\"submit\" value=\"Senden\" \/>\n<\/p><div class=\"wpcf7-response-output\" aria-hidden=\"true\"><\/div>\n<\/form>\n<\/div>\n\n\n","protected":false},"excerpt":{"rendered":"<p>wohnen in roten h\u00e4uschen am meer Outdoor Erlebnisse in dem UNESCO biospherereservat und dem Naturreservat &#8211; G\u00e5rdsk\u00e4rskusten \u00a0Willkommen zu unseren roten H\u00e4uschen am Meer und beim Angeln, Paddeln, Radfahren, Reiten oder Wandern die Natur erleben HIGHLIGHTS 2017 Tourismuspreis der Provinz Uppsala 2017 Nominierung des Grossen Schwedischen Tourismuspreis 2018 Begann die Schwedische Kronprinzessin Ihre Uppsala Provinzwanderung [&hellip;]<\/p>\n","protected":false},"author":222,"featured_media":0,"parent":0,"menu_order":0,"comment_status":"closed","ping_status":"closed","template":"page-builder.php","meta":{"_genesis_hide_title":false,"_genesis_hide_breadcrumbs":false,"_genesis_hide_singular_image":false,"_genesis_hide_footer_widgets":false,"_genesis_custom_body_class":"","_genesis_custom_post_class":"","_genesis_layout":"","footnotes":""},"class_list":{"0":"post-186","1":"page","2":"type-page","3":"status-publish","5":"entry","6":"override"},"_links":{"self":[{"href":"https:\/\/sagarboherrgard.se\/de\/wp-json\/wp\/v2\/pages\/186","targetHints":{"allow":["GET"]}}],"collection":[{"href":"https:\/\/sagarboherrgard.se\/de\/wp-json\/wp\/v2\/pages"}],"about":[{"href":"https:\/\/sagarboherrgard.se\/de\/wp-json\/wp\/v2\/types\/page"}],"author":[{"embeddable":true,"href":"https:\/\/sagarboherrgard.se\/de\/wp-json\/wp\/v2\/users\/222"}],"replies":[{"embeddable":true,"href":"https:\/\/sagarboherrgard.se\/de\/wp-json\/wp\/v2\/comments?post=186"}],"version-history":[{"count":11,"href":"https:\/\/sagarboherrgard.se\/de\/wp-json\/wp\/v2\/pages\/186\/revisions"}],"predecessor-version":[{"id":1541,"href":"https:\/\/sagarboherrgard.se\/de\/wp-json\/wp\/v2\/pages\/186\/revisions\/1541"}],"wp:attachment":[{"href":"https:\/\/sagarboherrgard.se\/de\/wp-json\/wp\/v2\/media?parent=186"}],"curies":[{"name":"wp","href":"https:\/\/api.w.org\/{rel}","templated":true}]}}