{"id":483,"date":"2016-03-17T13:25:53","date_gmt":"2016-03-17T12:25:53","guid":{"rendered":"http:\/\/sagarbo.wp.100procent.com\/kontakta-oss\/"},"modified":"2024-05-02T16:53:45","modified_gmt":"2024-05-02T14:53:45","slug":"kontakta-oss","status":"publish","type":"page","link":"https:\/\/sagarboherrgard.se\/de\/kontakta-oss\/","title":{"rendered":"Kontakta oss"},"content":{"rendered":"\n<h1>\n\t\tkontakt \/ anreise\n\t<\/h1>\n\t<h2>anreise s\u00e5garbo<\/h2>\n<p>S\u00e5garbo liegt eine gute Stunde von Arlanda Flugplatz und knappe zweit Stunden von Stockholm<\/p>\n<h4>MIT ZUG \/ FLUG<\/h4>\n<p>Z\u00fcge gehen von Arlanda zu der Stadt Uppsala. In Uppsala umsteigen in den Zug (M\u00e4lart\u00e5g) zur Station Skutsk\u00e4r. Umsteigen in den Bus 504 zur Haltest\u00e4lle S\u00e5garbo. Bitte beachten, der Buss f\u00e4hrt nicht t\u00e4glich.<\/p>\n<h4>MIT AUTO<\/h4>\n<p>Von der\u00a0E4 nehmen Sie die Abfahrt 195 Richtung \u00c4lvkarleby. Nehmen\u00a0Sie den Weg\u00a0291 Richtung\u00a0\u00c4lvkarleby\/Skutsk\u00e4r und weiter den\u00a0Weg\u00a076 Richtung Skutsk\u00e4r\/G\u00e4vle. Direkt vor dem Dal\u00e4lvenfluss links abbiegen auf dem Weg-L\u00e5ngsandsv\u00e4gen, 6 km bis S\u00e5garbo.<\/p>\n<p>&nbsp;<\/p>\n\t<iframe src=\"https:\/\/www.google.com\/maps\/embed\/v1\/place?q=s%C3%A5garboherrg%C3%A5rd++81493&#038;key=AIzaSyD09zQ9PNDNNy9TadMuzRV_UsPUoWKntt8\" aria-hidden=\"true\"><\/iframe>\n\t<h2>Kontakt<\/h2>\nAdresse<br \/>\n814 93 \u00c4lvkarleby\nTelefon<br \/>\n<a href=\"tel:46768111190\">+46 (0)76-811\u00a011\u00a090<\/a>\nE-Mail<br \/>\n<a href=\"mailto:stuga@sagarboherrgard.se\">stuga@sagarboherrgard.se<\/a>\n<p>Folge uns<\/p>\n\t<h2>KONTAKTFORMULAR<\/h2>\n\n<div class=\"wpcf7 no-js\" id=\"wpcf7-f536-o1\" lang=\"sv-SE\" dir=\"ltr\" data-wpcf7-id=\"536\">\n<div class=\"screen-reader-response\"><p role=\"status\" aria-live=\"polite\" aria-atomic=\"true\"><\/p> <ul><\/ul><\/div>\n<form action=\"\/de\/wp-json\/wp\/v2\/pages\/483#wpcf7-f536-o1\" method=\"post\" class=\"wpcf7-form init\" aria-label=\"Contact form\" novalidate=\"novalidate\" data-status=\"init\">\n<fieldset class=\"hidden-fields-container\"><input type=\"hidden\" name=\"_wpcf7\" value=\"536\" \/><input type=\"hidden\" name=\"_wpcf7_version\" value=\"6.1.5\" \/><input type=\"hidden\" name=\"_wpcf7_locale\" value=\"sv_SE\" \/><input type=\"hidden\" name=\"_wpcf7_unit_tag\" value=\"wpcf7-f536-o1\" \/><input type=\"hidden\" name=\"_wpcf7_container_post\" value=\"0\" \/><input type=\"hidden\" name=\"_wpcf7_posted_data_hash\" value=\"\" \/><input type=\"hidden\" name=\"_wpcf7_recaptcha_response\" value=\"\" \/>\n<\/fieldset>\n<p><label> Nahme (obligatorisch)<br \/>\n<span class=\"wpcf7-form-control-wrap\" data-name=\"your-name\"><input size=\"40\" maxlength=\"400\" class=\"wpcf7-form-control wpcf7-text wpcf7-validates-as-required\" aria-required=\"true\" aria-invalid=\"false\" value=\"\" type=\"text\" name=\"your-name\" \/><\/span> <\/label>\n<\/p>\n<p><label> E-postadresse (obligatorisch)<br \/>\n<span class=\"wpcf7-form-control-wrap\" data-name=\"your-email\"><input size=\"40\" maxlength=\"400\" class=\"wpcf7-form-control wpcf7-email wpcf7-validates-as-required wpcf7-text wpcf7-validates-as-email\" aria-required=\"true\" aria-invalid=\"false\" value=\"\" type=\"email\" name=\"your-email\" \/><\/span> <\/label>\n<\/p>\n<p><label> Betreff<br \/>\n<span class=\"wpcf7-form-control-wrap\" data-name=\"your-subject\"><input size=\"40\" maxlength=\"400\" class=\"wpcf7-form-control wpcf7-text\" aria-invalid=\"false\" value=\"\" type=\"text\" name=\"your-subject\" \/><\/span> <\/label>\n<\/p>\n<p><label> Mitteilung<br \/>\n<span class=\"wpcf7-form-control-wrap\" data-name=\"your-message\"><textarea cols=\"40\" rows=\"10\" maxlength=\"2000\" class=\"wpcf7-form-control wpcf7-textarea\" aria-invalid=\"false\" name=\"your-message\"><\/textarea><\/span> <\/label>\n<\/p>\n<p><input class=\"wpcf7-form-control wpcf7-submit has-spinner\" type=\"submit\" value=\"Senden\" \/>\n<\/p><div class=\"wpcf7-response-output\" aria-hidden=\"true\"><\/div>\n<\/form>\n<\/div>\n\n\n","protected":false},"excerpt":{"rendered":"<p>kontakt \/ anreise anreise s\u00e5garbo S\u00e5garbo liegt eine gute Stunde von Arlanda Flugplatz und knappe zweit Stunden von Stockholm MIT ZUG \/ FLUG Z\u00fcge gehen von Arlanda zu der Stadt Uppsala. In Uppsala umsteigen in den Zug (M\u00e4lart\u00e5g) zur Station Skutsk\u00e4r. Umsteigen in den Bus 504 zur Haltest\u00e4lle S\u00e5garbo. Bitte beachten, der Buss f\u00e4hrt nicht [&hellip;]<\/p>\n","protected":false},"author":222,"featured_media":0,"parent":0,"menu_order":0,"comment_status":"closed","ping_status":"closed","template":"page-builder.php","meta":{"_genesis_hide_title":false,"_genesis_hide_breadcrumbs":false,"_genesis_hide_singular_image":false,"_genesis_hide_footer_widgets":false,"_genesis_custom_body_class":"","_genesis_custom_post_class":"","_genesis_layout":"","footnotes":""},"class_list":{"0":"post-483","1":"page","2":"type-page","3":"status-publish","5":"entry","6":"override"},"_links":{"self":[{"href":"https:\/\/sagarboherrgard.se\/de\/wp-json\/wp\/v2\/pages\/483","targetHints":{"allow":["GET"]}}],"collection":[{"href":"https:\/\/sagarboherrgard.se\/de\/wp-json\/wp\/v2\/pages"}],"about":[{"href":"https:\/\/sagarboherrgard.se\/de\/wp-json\/wp\/v2\/types\/page"}],"author":[{"embeddable":true,"href":"https:\/\/sagarboherrgard.se\/de\/wp-json\/wp\/v2\/users\/222"}],"replies":[{"embeddable":true,"href":"https:\/\/sagarboherrgard.se\/de\/wp-json\/wp\/v2\/comments?post=483"}],"version-history":[{"count":2,"href":"https:\/\/sagarboherrgard.se\/de\/wp-json\/wp\/v2\/pages\/483\/revisions"}],"predecessor-version":[{"id":1433,"href":"https:\/\/sagarboherrgard.se\/de\/wp-json\/wp\/v2\/pages\/483\/revisions\/1433"}],"wp:attachment":[{"href":"https:\/\/sagarboherrgard.se\/de\/wp-json\/wp\/v2\/media?parent=483"}],"curies":[{"name":"wp","href":"https:\/\/api.w.org\/{rel}","templated":true}]}}