{"id":490,"date":"2016-03-11T12:58:24","date_gmt":"2016-03-11T11:58:24","guid":{"rendered":"http:\/\/sagarbo.wp.100procent.com\/om-oss\/"},"modified":"2024-05-02T18:06:07","modified_gmt":"2024-05-02T16:06:07","slug":"om-oss","status":"publish","type":"page","link":"https:\/\/sagarboherrgard.se\/de\/om-oss\/","title":{"rendered":"Om oss"},"content":{"rendered":"\n<h1>\n\t\t\u00dcber uns\n\t<\/h1>\n\t<h2>Restaurierung von<br \/>\nKulturbauten ist<br \/>\nunser Leitstern<\/h2>\n<p>Wir, die Familie Tjernstr\u00f6m, sind die besitzer und wohnen auf dem Gutshof S\u00e5garbo herrg\u00e5rd, der in dem UNESCO biospherereservat und dem Naturreservat G\u00e5rdsk\u00e4rskusten gelegen ist.<\/p>\n<p>Auf unserem Gutshof haben wir ein Tourismusunternehen etabliert und unsere Zielgruppen sind zum grossen Teil Internationaler Ecotourismus.<\/p>\n<p>Mit gro\u00dfem Respekt und Sympathie f\u00fcr unsere Kultur -und Naturumgebung und mit unserer Erfahrung und Passion von restaurierungen von Kulturbauten begann unsere lange Reise, den Gutshof S\u00e5garbo zu restaurieren und es liegt uns am Herzen unsere Naturumgebung zu beg\u00fcnstigen.<\/p>\n<p>Auswahl vorherigen Besitzern:<\/p>\nAnckarstr\u00f6m<br \/>\nDe Geer<br \/>\nStora Kopparberg<br \/>\nUpplandsstiftelsen\n\t\t\t\t<img loading=\"lazy\" decoding=\"async\" src=\"https:\/\/sagarboherrgard.se\/wp-content\/uploads\/2016\/03\/Entrence-door-copy.jpg\" alt=\"Entrence door to S\u00e5garbo herrg\u00e5rd\" itemprop=\"image\" height=\"3973\" width=\"2642\" title=\"Entrence door to S\u00e5garbo herrg\u00e5rd\" onerror=\"this.style.display='none'\"  \/>\n\t<h2>Kontakt<\/h2>\nAdresse<br \/>\n814 93 \u00c4lvkarleby\nTelefon<br \/>\n<a href=\"tel:46768111190\">+46 (0)76-811\u00a011\u00a090<\/a>\nE-Mail<br \/>\n<a href=\"mailto:stuga@sagarboherrgard.se\">stuga@sagarboherrgard.se<\/a>\n<p>Folge uns<\/p>\n\t<h2>KONTAKTFORMULAR<\/h2>\n\n<div class=\"wpcf7 no-js\" id=\"wpcf7-f536-o1\" lang=\"sv-SE\" dir=\"ltr\" data-wpcf7-id=\"536\">\n<div class=\"screen-reader-response\"><p role=\"status\" aria-live=\"polite\" aria-atomic=\"true\"><\/p> <ul><\/ul><\/div>\n<form action=\"\/de\/wp-json\/wp\/v2\/pages\/490#wpcf7-f536-o1\" method=\"post\" class=\"wpcf7-form init\" aria-label=\"Contact form\" novalidate=\"novalidate\" data-status=\"init\">\n<fieldset class=\"hidden-fields-container\"><input type=\"hidden\" name=\"_wpcf7\" value=\"536\" \/><input type=\"hidden\" name=\"_wpcf7_version\" value=\"6.1.5\" \/><input type=\"hidden\" name=\"_wpcf7_locale\" value=\"sv_SE\" \/><input type=\"hidden\" name=\"_wpcf7_unit_tag\" value=\"wpcf7-f536-o1\" \/><input type=\"hidden\" name=\"_wpcf7_container_post\" value=\"0\" \/><input type=\"hidden\" name=\"_wpcf7_posted_data_hash\" value=\"\" \/><input type=\"hidden\" name=\"_wpcf7_recaptcha_response\" value=\"\" \/>\n<\/fieldset>\n<p><label> Nahme (obligatorisch)<br \/>\n<span class=\"wpcf7-form-control-wrap\" data-name=\"your-name\"><input size=\"40\" maxlength=\"400\" class=\"wpcf7-form-control wpcf7-text wpcf7-validates-as-required\" aria-required=\"true\" aria-invalid=\"false\" value=\"\" type=\"text\" name=\"your-name\" \/><\/span> <\/label>\n<\/p>\n<p><label> E-postadresse (obligatorisch)<br \/>\n<span class=\"wpcf7-form-control-wrap\" data-name=\"your-email\"><input size=\"40\" maxlength=\"400\" class=\"wpcf7-form-control wpcf7-email wpcf7-validates-as-required wpcf7-text wpcf7-validates-as-email\" aria-required=\"true\" aria-invalid=\"false\" value=\"\" type=\"email\" name=\"your-email\" \/><\/span> <\/label>\n<\/p>\n<p><label> Betreff<br \/>\n<span class=\"wpcf7-form-control-wrap\" data-name=\"your-subject\"><input size=\"40\" maxlength=\"400\" class=\"wpcf7-form-control wpcf7-text\" aria-invalid=\"false\" value=\"\" type=\"text\" name=\"your-subject\" \/><\/span> <\/label>\n<\/p>\n<p><label> Mitteilung<br \/>\n<span class=\"wpcf7-form-control-wrap\" data-name=\"your-message\"><textarea cols=\"40\" rows=\"10\" maxlength=\"2000\" class=\"wpcf7-form-control wpcf7-textarea\" aria-invalid=\"false\" name=\"your-message\"><\/textarea><\/span> <\/label>\n<\/p>\n<p><input class=\"wpcf7-form-control wpcf7-submit has-spinner\" type=\"submit\" value=\"Senden\" \/>\n<\/p><div class=\"wpcf7-response-output\" aria-hidden=\"true\"><\/div>\n<\/form>\n<\/div>\n\n\n","protected":false},"excerpt":{"rendered":"<p>\u00dcber uns Restaurierung von Kulturbauten ist unser Leitstern Wir, die Familie Tjernstr\u00f6m, sind die besitzer und wohnen auf dem Gutshof S\u00e5garbo herrg\u00e5rd, der in dem UNESCO biospherereservat und dem Naturreservat G\u00e5rdsk\u00e4rskusten gelegen ist. Auf unserem Gutshof haben wir ein Tourismusunternehen etabliert und unsere Zielgruppen sind zum grossen Teil Internationaler Ecotourismus. Mit gro\u00dfem Respekt und Sympathie [&hellip;]<\/p>\n","protected":false},"author":222,"featured_media":0,"parent":0,"menu_order":0,"comment_status":"closed","ping_status":"closed","template":"page-builder.php","meta":{"_genesis_hide_title":false,"_genesis_hide_breadcrumbs":false,"_genesis_hide_singular_image":false,"_genesis_hide_footer_widgets":false,"_genesis_custom_body_class":"","_genesis_custom_post_class":"","_genesis_layout":"","footnotes":""},"class_list":{"0":"post-490","1":"page","2":"type-page","3":"status-publish","5":"entry","6":"override"},"_links":{"self":[{"href":"https:\/\/sagarboherrgard.se\/de\/wp-json\/wp\/v2\/pages\/490","targetHints":{"allow":["GET"]}}],"collection":[{"href":"https:\/\/sagarboherrgard.se\/de\/wp-json\/wp\/v2\/pages"}],"about":[{"href":"https:\/\/sagarboherrgard.se\/de\/wp-json\/wp\/v2\/types\/page"}],"author":[{"embeddable":true,"href":"https:\/\/sagarboherrgard.se\/de\/wp-json\/wp\/v2\/users\/222"}],"replies":[{"embeddable":true,"href":"https:\/\/sagarboherrgard.se\/de\/wp-json\/wp\/v2\/comments?post=490"}],"version-history":[{"count":2,"href":"https:\/\/sagarboherrgard.se\/de\/wp-json\/wp\/v2\/pages\/490\/revisions"}],"predecessor-version":[{"id":1448,"href":"https:\/\/sagarboherrgard.se\/de\/wp-json\/wp\/v2\/pages\/490\/revisions\/1448"}],"wp:attachment":[{"href":"https:\/\/sagarboherrgard.se\/de\/wp-json\/wp\/v2\/media?parent=490"}],"curies":[{"name":"wp","href":"https:\/\/api.w.org\/{rel}","templated":true}]}}