{"id":484,"date":"2016-03-17T13:25:53","date_gmt":"2016-03-17T12:25:53","guid":{"rendered":"http:\/\/sagarbo.wp.100procent.com\/kontakta-oss\/"},"modified":"2024-05-02T16:52:33","modified_gmt":"2024-05-02T14:52:33","slug":"kontakta-oss","status":"publish","type":"page","link":"https:\/\/sagarboherrgard.se\/en\/kontakta-oss\/","title":{"rendered":"Kontakta oss"},"content":{"rendered":"\n<h1>\n\t\tCONTACT US\n\t<\/h1>\n\t<h2>TRAVEL TO S\u00c5GARBO<\/h2>\nS\u00e5garbo is located one and a half hour from Arlanda airport<br \/>\nand two hours from Stockholm\n<h4>BY PLANE \/ TRAIN<\/h4>\n<p>Train from Arlanda airport to Uppsala city. Change train M\u00e4lart\u00e5g to Skutsk\u00e4r station. Take the bus 504 to S\u00e5garbo.<\/p>\n<h4>By car<\/h4>\n<p>From road\u00a0E4 take exit 195 and continue on road\u00a0291 towards \u00c4lvkarleby. Continue\u00a0on road 76 towards Skutsk\u00e4r\/G\u00e4vle turn right before the\u00a0Dal\u00e4lvenbridge to\u00a0road L\u00e5ngsandsv\u00e4gen 6 km to S\u00e5garbo.<\/p>\n<p>&nbsp;<\/p>\n\t<iframe src=\"https:\/\/www.google.com\/maps\/embed\/v1\/place?q=s%C3%A5garboherrg%C3%A5rd++81493&#038;key=AIzaSyD09zQ9PNDNNy9TadMuzRV_UsPUoWKntt8\" aria-hidden=\"true\"><\/iframe>\n\t<h2>CONTACT US\u00a0<\/h2>\nAddress<br \/>\n814 93 \u00c4lvkarleby\nPhone number<br \/>\n<a href=\"tel:46768111190\">+46 (0)76-811\u00a011\u00a090<\/a>\nE-mail<br \/>\n<a href=\"mailto:stuga@sagarboherrgard.se\">stuga@sagarboherrgard.se<\/a>\n<p>Join us<\/p>\n\t<h2>CONTACT FORM<\/h2>\n\n<div class=\"wpcf7 no-js\" id=\"wpcf7-f534-o1\" lang=\"sv-SE\" dir=\"ltr\" data-wpcf7-id=\"534\">\n<div class=\"screen-reader-response\"><p role=\"status\" aria-live=\"polite\" aria-atomic=\"true\"><\/p> <ul><\/ul><\/div>\n<form action=\"\/en\/wp-json\/wp\/v2\/pages\/484#wpcf7-f534-o1\" method=\"post\" class=\"wpcf7-form init\" aria-label=\"Kontaktformul\u00e4r\" novalidate=\"novalidate\" data-status=\"init\">\n<fieldset class=\"hidden-fields-container\"><input type=\"hidden\" name=\"_wpcf7\" value=\"534\" \/><input type=\"hidden\" name=\"_wpcf7_version\" value=\"6.1.5\" \/><input type=\"hidden\" name=\"_wpcf7_locale\" value=\"sv_SE\" \/><input type=\"hidden\" name=\"_wpcf7_unit_tag\" value=\"wpcf7-f534-o1\" \/><input type=\"hidden\" name=\"_wpcf7_container_post\" value=\"0\" \/><input type=\"hidden\" name=\"_wpcf7_posted_data_hash\" value=\"\" \/><input type=\"hidden\" name=\"_wpcf7_recaptcha_response\" value=\"\" \/>\n<\/fieldset>\n<p><label> Name (required)<br \/>\n<span class=\"wpcf7-form-control-wrap\" data-name=\"your-name\"><input size=\"40\" maxlength=\"400\" class=\"wpcf7-form-control wpcf7-text wpcf7-validates-as-required\" aria-required=\"true\" aria-invalid=\"false\" value=\"\" type=\"text\" name=\"your-name\" \/><\/span> <\/label>\n<\/p>\n<p><label> E-mail address (required)<br \/>\n<span class=\"wpcf7-form-control-wrap\" data-name=\"your-email\"><input size=\"40\" maxlength=\"400\" class=\"wpcf7-form-control wpcf7-email wpcf7-validates-as-required wpcf7-text wpcf7-validates-as-email\" aria-required=\"true\" aria-invalid=\"false\" value=\"\" type=\"email\" name=\"your-email\" \/><\/span> <\/label>\n<\/p>\n<p><label> Subject<br \/>\n<span class=\"wpcf7-form-control-wrap\" data-name=\"your-subject\"><input size=\"40\" maxlength=\"400\" class=\"wpcf7-form-control wpcf7-text\" aria-invalid=\"false\" value=\"\" type=\"text\" name=\"your-subject\" \/><\/span> <\/label>\n<\/p>\n<p><label> Message<br \/>\n<span class=\"wpcf7-form-control-wrap\" data-name=\"your-message\"><textarea cols=\"40\" rows=\"10\" maxlength=\"2000\" class=\"wpcf7-form-control wpcf7-textarea\" aria-invalid=\"false\" name=\"your-message\"><\/textarea><\/span> <\/label>\n<\/p>\n<p><input class=\"wpcf7-form-control wpcf7-submit has-spinner\" type=\"submit\" value=\"Send\" \/>\n<\/p><div class=\"wpcf7-response-output\" aria-hidden=\"true\"><\/div>\n<\/form>\n<\/div>\n\n\n","protected":false},"excerpt":{"rendered":"<p>CONTACT US TRAVEL TO S\u00c5GARBO S\u00e5garbo is located one and a half hour from Arlanda airport and two hours from Stockholm BY PLANE \/ TRAIN Train from Arlanda airport to Uppsala city. Change train M\u00e4lart\u00e5g to Skutsk\u00e4r station. Take the bus 504 to S\u00e5garbo. By car From road\u00a0E4 take exit 195 and continue on road\u00a0291 [&hellip;]<\/p>\n","protected":false},"author":222,"featured_media":0,"parent":0,"menu_order":0,"comment_status":"closed","ping_status":"closed","template":"page-builder.php","meta":{"_genesis_hide_title":false,"_genesis_hide_breadcrumbs":false,"_genesis_hide_singular_image":false,"_genesis_hide_footer_widgets":false,"_genesis_custom_body_class":"","_genesis_custom_post_class":"","_genesis_layout":"","footnotes":""},"class_list":{"0":"post-484","1":"page","2":"type-page","3":"status-publish","5":"entry","6":"override"},"_links":{"self":[{"href":"https:\/\/sagarboherrgard.se\/en\/wp-json\/wp\/v2\/pages\/484","targetHints":{"allow":["GET"]}}],"collection":[{"href":"https:\/\/sagarboherrgard.se\/en\/wp-json\/wp\/v2\/pages"}],"about":[{"href":"https:\/\/sagarboherrgard.se\/en\/wp-json\/wp\/v2\/types\/page"}],"author":[{"embeddable":true,"href":"https:\/\/sagarboherrgard.se\/en\/wp-json\/wp\/v2\/users\/222"}],"replies":[{"embeddable":true,"href":"https:\/\/sagarboherrgard.se\/en\/wp-json\/wp\/v2\/comments?post=484"}],"version-history":[{"count":2,"href":"https:\/\/sagarboherrgard.se\/en\/wp-json\/wp\/v2\/pages\/484\/revisions"}],"predecessor-version":[{"id":1432,"href":"https:\/\/sagarboherrgard.se\/en\/wp-json\/wp\/v2\/pages\/484\/revisions\/1432"}],"wp:attachment":[{"href":"https:\/\/sagarboherrgard.se\/en\/wp-json\/wp\/v2\/media?parent=484"}],"curies":[{"name":"wp","href":"https:\/\/api.w.org\/{rel}","templated":true}]}}