{"id":489,"date":"2016-03-11T12:58:24","date_gmt":"2016-03-11T11:58:24","guid":{"rendered":"http:\/\/sagarbo.wp.100procent.com\/om-oss\/"},"modified":"2023-01-29T18:22:46","modified_gmt":"2023-01-29T17:22:46","slug":"om-oss","status":"publish","type":"page","link":"https:\/\/sagarboherrgard.se\/en\/om-oss\/","title":{"rendered":"Om oss"},"content":{"rendered":"\n<h1>\n\t\tABOUT US\n\t<\/h1>\n\t<h2>Restoring old houses<br \/>\nis our lodestar<\/h2>\n<p>We, family Tjernstr\u00f6m, are the owners and live on the manor, S\u00e5garbo herrg\u00e5rd. The estate is located in a UNESCO biosphere reserve and the nature reserve &#8211; G\u00e5rdsk\u00e4rskusten.<\/p>\n<p>We have established a tourism business located on the estate where our main target groups are international eco tourism. In collaboration with our local partners we offer our guests an experience in nature .<\/p>\n<p>We have used our skills in historic preservation to restore the old 17th century buildings and one of our main objectives are to create an enviromant for biological diversity.<\/p>\n<p>Selection of previous owners:<\/p>\nAnckarstr\u00f6m<br \/>\nDe Geer<br \/>\nStora Kopparberg<br \/>\nUpplandsstiftelsen\n\t\t\t\t<img loading=\"lazy\" decoding=\"async\" src=\"https:\/\/sagarboherrgard.se\/wp-content\/uploads\/2016\/03\/Entrence-door-copy-681x1024.jpg\" alt=\"Entrence door to S\u00e5garbo herrg\u00e5rd\" itemprop=\"image\" height=\"1024\" width=\"681\" title=\"Entrence door to S\u00e5garbo herrg\u00e5rd\" onerror=\"this.style.display='none'\"  \/>\n\t<h2>CONTACT US\u00a0<\/h2>\nAddress<br \/>\n814 93 \u00c4lvkarleby\nPhone number<br \/>\n<a href=\"tel:46768111190\">+46 (0)76-811\u00a011\u00a090<\/a>\nE-mail<br \/>\n<a href=\"mailto:stuga@sagarboherrgard.se\">stuga@sagarboherrgard.se<\/a>\n<p>Join us<\/p>\n\t<h2>CONTACT FORM<\/h2>\n\n<div class=\"wpcf7 no-js\" id=\"wpcf7-f534-o1\" lang=\"sv-SE\" dir=\"ltr\" data-wpcf7-id=\"534\">\n<div class=\"screen-reader-response\"><p role=\"status\" aria-live=\"polite\" aria-atomic=\"true\"><\/p> <ul><\/ul><\/div>\n<form action=\"\/en\/wp-json\/wp\/v2\/pages\/489#wpcf7-f534-o1\" method=\"post\" class=\"wpcf7-form init\" aria-label=\"Kontaktformul\u00e4r\" novalidate=\"novalidate\" data-status=\"init\">\n<fieldset class=\"hidden-fields-container\"><input type=\"hidden\" name=\"_wpcf7\" value=\"534\" \/><input type=\"hidden\" name=\"_wpcf7_version\" value=\"6.1.5\" \/><input type=\"hidden\" name=\"_wpcf7_locale\" value=\"sv_SE\" \/><input type=\"hidden\" name=\"_wpcf7_unit_tag\" value=\"wpcf7-f534-o1\" \/><input type=\"hidden\" name=\"_wpcf7_container_post\" value=\"0\" \/><input type=\"hidden\" name=\"_wpcf7_posted_data_hash\" value=\"\" \/><input type=\"hidden\" name=\"_wpcf7_recaptcha_response\" value=\"\" \/>\n<\/fieldset>\n<p><label> Name (required)<br \/>\n<span class=\"wpcf7-form-control-wrap\" data-name=\"your-name\"><input size=\"40\" maxlength=\"400\" class=\"wpcf7-form-control wpcf7-text wpcf7-validates-as-required\" aria-required=\"true\" aria-invalid=\"false\" value=\"\" type=\"text\" name=\"your-name\" \/><\/span> <\/label>\n<\/p>\n<p><label> E-mail address (required)<br \/>\n<span class=\"wpcf7-form-control-wrap\" data-name=\"your-email\"><input size=\"40\" maxlength=\"400\" class=\"wpcf7-form-control wpcf7-email wpcf7-validates-as-required wpcf7-text wpcf7-validates-as-email\" aria-required=\"true\" aria-invalid=\"false\" value=\"\" type=\"email\" name=\"your-email\" \/><\/span> <\/label>\n<\/p>\n<p><label> Subject<br \/>\n<span class=\"wpcf7-form-control-wrap\" data-name=\"your-subject\"><input size=\"40\" maxlength=\"400\" class=\"wpcf7-form-control wpcf7-text\" aria-invalid=\"false\" value=\"\" type=\"text\" name=\"your-subject\" \/><\/span> <\/label>\n<\/p>\n<p><label> Message<br \/>\n<span class=\"wpcf7-form-control-wrap\" data-name=\"your-message\"><textarea cols=\"40\" rows=\"10\" maxlength=\"2000\" class=\"wpcf7-form-control wpcf7-textarea\" aria-invalid=\"false\" name=\"your-message\"><\/textarea><\/span> <\/label>\n<\/p>\n<p><input class=\"wpcf7-form-control wpcf7-submit has-spinner\" type=\"submit\" value=\"Send\" \/>\n<\/p><div class=\"wpcf7-response-output\" aria-hidden=\"true\"><\/div>\n<\/form>\n<\/div>\n\n\n","protected":false},"excerpt":{"rendered":"<p>ABOUT US Restoring old houses is our lodestar We, family Tjernstr\u00f6m, are the owners and live on the manor, S\u00e5garbo herrg\u00e5rd. The estate is located in a UNESCO biosphere reserve and the nature reserve &#8211; G\u00e5rdsk\u00e4rskusten. We have established a tourism business located on the estate where our main target groups are international eco tourism. [&hellip;]<\/p>\n","protected":false},"author":222,"featured_media":0,"parent":0,"menu_order":0,"comment_status":"closed","ping_status":"closed","template":"page-builder.php","meta":{"_genesis_hide_title":false,"_genesis_hide_breadcrumbs":false,"_genesis_hide_singular_image":false,"_genesis_hide_footer_widgets":false,"_genesis_custom_body_class":"","_genesis_custom_post_class":"","_genesis_layout":"","footnotes":""},"class_list":{"0":"post-489","1":"page","2":"type-page","3":"status-publish","5":"entry","6":"override"},"_links":{"self":[{"href":"https:\/\/sagarboherrgard.se\/en\/wp-json\/wp\/v2\/pages\/489","targetHints":{"allow":["GET"]}}],"collection":[{"href":"https:\/\/sagarboherrgard.se\/en\/wp-json\/wp\/v2\/pages"}],"about":[{"href":"https:\/\/sagarboherrgard.se\/en\/wp-json\/wp\/v2\/types\/page"}],"author":[{"embeddable":true,"href":"https:\/\/sagarboherrgard.se\/en\/wp-json\/wp\/v2\/users\/222"}],"replies":[{"embeddable":true,"href":"https:\/\/sagarboherrgard.se\/en\/wp-json\/wp\/v2\/comments?post=489"}],"version-history":[{"count":1,"href":"https:\/\/sagarboherrgard.se\/en\/wp-json\/wp\/v2\/pages\/489\/revisions"}],"predecessor-version":[{"id":1317,"href":"https:\/\/sagarboherrgard.se\/en\/wp-json\/wp\/v2\/pages\/489\/revisions\/1317"}],"wp:attachment":[{"href":"https:\/\/sagarboherrgard.se\/en\/wp-json\/wp\/v2\/media?parent=489"}],"curies":[{"name":"wp","href":"https:\/\/api.w.org\/{rel}","templated":true}]}}